{"id":1250,"date":"2024-09-10T14:33:50","date_gmt":"2024-09-10T14:33:50","guid":{"rendered":"https:\/\/schmitte.muwit.net\/?page_id=1250"},"modified":"2025-07-03T11:44:04","modified_gmt":"2025-07-03T11:44:04","slug":"colophon","status":"publish","type":"page","link":"https:\/\/www.schmitte-eppan.net\/it\/colophon\/","title":{"rendered":"Colophon"},"content":{"rendered":"\t\t<div data-elementor-type=\"wp-page\" data-elementor-id=\"1250\" class=\"elementor elementor-1250 elementor-1192\" data-elementor-post-type=\"page\">\n\t\t\t\t<div class=\"elementor-element elementor-element-7e9db656 e-con-full goldlink e-flex e-con e-parent\" data-id=\"7e9db656\" data-element_type=\"container\" data-settings=\"{&quot;background_background&quot;:&quot;video&quot;,&quot;background_play_on_mobile&quot;:&quot;yes&quot;,&quot;background_privacy_mode&quot;:&quot;yes&quot;}\">\n\t\t\t\t<div class=\"elementor-element elementor-element-7ec9af64 elementor-pagination-position-inside elementor-skin-carousel elementor-pagination-type-bullets elementor-widget elementor-widget-media-carousel\" data-id=\"7ec9af64\" data-element_type=\"widget\" data-settings=\"{&quot;effect&quot;:&quot;fade&quot;,&quot;skin&quot;:&quot;carousel&quot;,&quot;pagination&quot;:&quot;bullets&quot;,&quot;speed&quot;:500,&quot;autoplay&quot;:&quot;yes&quot;,&quot;autoplay_speed&quot;:5000,&quot;loop&quot;:&quot;yes&quot;,&quot;pause_on_hover&quot;:&quot;yes&quot;,&quot;pause_on_interaction&quot;:&quot;yes&quot;,&quot;space_between&quot;:{&quot;unit&quot;:&quot;px&quot;,&quot;size&quot;:10,&quot;sizes&quot;:[]},&quot;space_between_widescreen&quot;:{&quot;unit&quot;:&quot;px&quot;,&quot;size&quot;:10,&quot;sizes&quot;:[]},&quot;space_between_laptop&quot;:{&quot;unit&quot;:&quot;px&quot;,&quot;size&quot;:10,&quot;sizes&quot;:[]},&quot;space_between_tablet_extra&quot;:{&quot;unit&quot;:&quot;px&quot;,&quot;size&quot;:10,&quot;sizes&quot;:[]},&quot;space_between_tablet&quot;:{&quot;unit&quot;:&quot;px&quot;,&quot;size&quot;:10,&quot;sizes&quot;:[]},&quot;space_between_mobile_extra&quot;:{&quot;unit&quot;:&quot;px&quot;,&quot;size&quot;:10,&quot;sizes&quot;:[]},&quot;space_between_mobile&quot;:{&quot;unit&quot;:&quot;px&quot;,&quot;size&quot;:10,&quot;sizes&quot;:[]}}\" data-widget_type=\"media-carousel.default\">\n\t\t\t\t<div class=\"elementor-widget-container\">\n\t\t\t<link rel=\"stylesheet\" href=\"https:\/\/www.schmitte-eppan.net\/wp-content\/plugins\/elementor-pro\/assets\/css\/widget-carousel.min.css?ver=1724329235\">\t\t<div class=\"elementor-swiper\">\n\t\t\t<div class=\"elementor-main-swiper swiper\">\n\t\t\t\t<div class=\"swiper-wrapper\">\n\t\t\t\t\t\t\t\t\t\t\t<div class=\"swiper-slide\">\n\t\t\t\t\t\t\t\t\t<div class=\"elementor-carousel-image\" role=\"img\" aria-label=\"NZ71926.jpg\" style=\"background-image: url(&#039;https:\/\/www.schmitte-eppan.net\/wp-content\/uploads\/2024\/08\/NZ71926-1.jpg&#039;)\">\n\n\t\t\t\n\t\t\t\t\t<\/div>\n\t\t\t\t\t\t\t\t<\/div>\n\t\t\t\t\t\t\t\t\t<\/div>\n\t\t\t\t\t\t\t<\/div>\n\t\t<\/div>\n\t\t\t\t<\/div>\n\t\t\t\t<\/div>\n\t\t\t\t<\/div>\n\t\t<div class=\"elementor-element elementor-element-43d3adac goldlink e-flex e-con-boxed e-con e-parent\" data-id=\"43d3adac\" data-element_type=\"container\" data-settings=\"{&quot;background_background&quot;:&quot;classic&quot;}\">\n\t\t\t\t\t<div class=\"e-con-inner\">\n\t\t<div class=\"elementor-element elementor-element-13444952 e-con-full animated-slow e-flex elementor-invisible e-con e-child\" data-id=\"13444952\" data-element_type=\"container\" data-settings=\"{&quot;animation&quot;:&quot;fadeIn&quot;}\">\n\t\t<div class=\"elementor-element elementor-element-14e50018 e-con-full e-flex e-con e-child\" data-id=\"14e50018\" data-element_type=\"container\">\n\t\t\t\t<div class=\"elementor-element elementor-element-3d83c729 elementor-widget__width-initial elementor-absolute elementor-view-default elementor-widget elementor-widget-icon\" data-id=\"3d83c729\" data-element_type=\"widget\" data-settings=\"{&quot;_position&quot;:&quot;absolute&quot;}\" data-widget_type=\"icon.default\">\n\t\t\t\t<div class=\"elementor-widget-container\">\n\t\t\t\t\t<div class=\"elementor-icon-wrapper\">\n\t\t\t<div class=\"elementor-icon\">\n\t\t\t<svg xmlns=\"http:\/\/www.w3.org\/2000\/svg\" width=\"140\" height=\"1\" viewBox=\"0 0 140 1\"><path id=\"Pfad_10\" data-name=\"Pfad 10\" d=\"M8214.674,2416.582h140\" transform=\"translate(-8214.674 -2416.082)\" fill=\"none\" stroke=\"#c09766\" stroke-width=\"1\"><\/path><\/svg>\t\t\t<\/div>\n\t\t<\/div>\n\t\t\t\t<\/div>\n\t\t\t\t<\/div>\n\t\t\t\t<div class=\"elementor-element elementor-element-6223e736 elementor-widget-mobile__width-initial elementor-widget__width-initial elementor-widget elementor-widget-heading\" data-id=\"6223e736\" data-element_type=\"widget\" data-widget_type=\"heading.default\">\n\t\t\t\t<div class=\"elementor-widget-container\">\n\t\t\t<style>\/*! elementor - v3.23.0 - 05-08-2024 *\/\n.elementor-heading-title{padding:0;margin:0;line-height:1}.elementor-widget-heading .elementor-heading-title[class*=elementor-size-]>a{color:inherit;font-size:inherit;line-height:inherit}.elementor-widget-heading .elementor-heading-title.elementor-size-small{font-size:15px}.elementor-widget-heading .elementor-heading-title.elementor-size-medium{font-size:19px}.elementor-widget-heading .elementor-heading-title.elementor-size-large{font-size:29px}.elementor-widget-heading .elementor-heading-title.elementor-size-xl{font-size:39px}.elementor-widget-heading .elementor-heading-title.elementor-size-xxl{font-size:59px}<\/style><h1 class=\"elementor-heading-title elementor-size-default\">Colophon<\/h1>\t\t<\/div>\n\t\t\t\t<\/div>\n\t\t\t\t<\/div>\n\t\t\t\t<\/div>\n\t\t<div class=\"elementor-element elementor-element-649001e2 e-con-full animated-slow e-flex elementor-invisible e-con e-child\" data-id=\"649001e2\" data-element_type=\"container\" data-settings=\"{&quot;animation&quot;:&quot;fadeIn&quot;}\">\n\t\t\t\t<div class=\"elementor-element elementor-element-70166d36 elementor-widget__width-inherit elementor-widget-mobile__width-inherit elementor-widget elementor-widget-text-editor\" data-id=\"70166d36\" data-element_type=\"widget\" data-widget_type=\"text-editor.default\">\n\t\t\t\t<div class=\"elementor-widget-container\">\n\t\t\t<style>\/*! elementor - v3.23.0 - 05-08-2024 *\/\n.elementor-widget-text-editor.elementor-drop-cap-view-stacked .elementor-drop-cap{background-color:#69727d;color:#fff}.elementor-widget-text-editor.elementor-drop-cap-view-framed .elementor-drop-cap{color:#69727d;border:3px solid;background-color:transparent}.elementor-widget-text-editor:not(.elementor-drop-cap-view-default) .elementor-drop-cap{margin-top:8px}.elementor-widget-text-editor:not(.elementor-drop-cap-view-default) .elementor-drop-cap-letter{width:1em;height:1em}.elementor-widget-text-editor .elementor-drop-cap{float:left;text-align:center;line-height:1;font-size:50px}.elementor-widget-text-editor .elementor-drop-cap-letter{display:inline-block}<\/style>\t\t\t\t<p>Unifin GmbH \u2013 Christof Gasser<br \/>Via Stazione 8<br \/>39057 Appiano (BZ)<br \/><a href=\"call:393356494115\" rel=\"\">+39 335 649 4115<\/a><br \/><a href=\"mailto:info@schmitte-eppan.net\" rel=\"\">info@schmitte-eppan.net<\/a><br \/>PEC:\u00a0<a href=\"mailto:unifinbz@pec.it\" rel=\"\">unifinbz@pec.it<\/a><br \/>Codice Destinatario: T04ZHR3<\/p><p><a href=\"https:\/\/schmitte-eppan.net\/\">schmitte-eppan.net<\/a><\/p><p>P. IVA 02470420213<br \/>Cod. Fisc. 02470420213<br \/>CIN: IT021004B4N5YDXSXI<\/p><p>Camera di commercio: Bolzano<\/p><p>Numero iscrizione camera di commercio: 02470420213<br \/>Numero REA: BZ-193474<br \/>Capitale sociale: 112.000 \u20ac<\/p><p>Legale rappresentante: Christof Gasser<\/p><p><strong>Copyright per le immagini e grafiche utilizzate<\/strong><\/p><p>\u00a9 IDM S\u00fcdtirol-Alto Adige\/Alex Filz<br \/>\u00a9 IDM S\u00fcdtirol-STA\/Manuela Tessaro<br \/>\u00a9 IDM S\u00fcdtirol-Alto Adige\/Alex Moling<br \/>\u00a9 IDM S\u00fcdtirol-Alto Adige\/Angelika Schwarz<br \/>\u00a9 IDM S\u00fcdtirol-Alto Adige\/Peter von Felbert<br \/>\u00a9 IDM\/S\u00fcdtiroler Speck Konsortium\/Marion Lafogler<br \/>\u00a9 Live Style Agency<\/p><p>Image by\u00a0<a href=\"https:\/\/www.freepik.com\/free-photo\/close-up-woman-holding-device_20265392.htm#page=6&amp;query=phone%20check%20in&amp;position=15&amp;from_view=search&amp;track=ais\">Freepik<\/a><br \/><a href=\"https:\/\/www.freepik.com\/free-photo\/wing-airplane-blue-sky-twilight-sunset_4690278.htm#page=4&amp;query=airplane&amp;position=17&amp;from_view=search&amp;track=sph\">Image by jcomp<\/a>\u00a0on Freepik<br \/><a href=\"https:\/\/www.freepik.com\/free-photo\/navigator-car-road-forest-area-closeup_30569661.htm#page=14&amp;query=car%20mountain&amp;position=14&amp;from_view=search&amp;track=ais\">Image by pvproductions<\/a>\u00a0on Freepik<\/p><p><strong>Risoluzione delle controversie<\/strong><\/p><p>Informazioni obbligatorie ai sensi del Regolamento UE n. 524\/2013 del Parlamento e Consiglio europeo. Piattaforma per la risoluzione online delle controversie (ODR) della Commissione europea:\u00a0<a href=\"https:\/\/ec.europa.eu\/consumers\/odr\/main\/?event=main.trader.register\">https:\/\/ec.europa.eu\/consumers\/odr\/main\/?event=main.trader.register<\/a><\/p><p><strong>Concetto e realizzazione<\/strong><\/p><p>muwit d. sandra stablum<br \/>Citt\u00e1 Alta 60<br \/>39043 Chiusa<br \/>Tel. +39 347 1330206<br \/>Part. IVA 02730810211<br \/>Cod. fisc. STB SDR 88 A44 B160 S<br \/><a href=\"mailto:info@muwit.it\">info@muwit.it<\/a><br \/><a href=\"http:\/\/www.muwit.it\/\">www.muwit.it<\/a><\/p><p><strong>Responsabile per il contenuto:<br \/><\/strong>Brunner Doris, Textsalon<\/p><p><strong>Dichiarazione liberatoria:<\/strong><\/p><p><strong>Responsabilit\u00e0 per i contenuti<br \/><\/strong>I contenuti delle nostre pagine sono stati redatti, elaborati e controllati scrupolosamente. Tuttavia, non ci assumiamo nessuna responsabilit\u00e0 per la correttezza, qualit\u00e0, completezza e attualit\u00e0 dei contenuti, poich\u00e9 non \u00e8 da escludere che siano cambiati nel tempo. Come prestatori di servizi siamo responsabili per i contenuti di queste pagine in base alla normativa vigente. Nella nostra qualit\u00e0 di prestatori di servizi non siamo per\u00f2 obbligati a controllare l\u2019esattezza di informazioni ricevute o salvate da terzi, o a controllare se sussistano irregolarit\u00e0 che indichino un\u2019attivit\u00e0 illegale. L\u2019obbligo di rimuovere o bloccare l\u2019utilizzo di informazioni secondo la normativa vigente rimane valido. L\u2019assunzione di tale responsabilit\u00e0 \u00e8 tuttavia possibile solamente dopo il momento dell\u2019effettivo riconoscimento da parte nostra di una concreta violazione di diritto. Alla presa d\u2019atto di tali violazioni di legge provvederemo immediatamente alla rimozione dei contenuti in questione.<\/p><p>Si escludono di principio le rivendicazioni di responsabilit\u00e0 di qualsiasi tipo causate dall\u2019utilizzo di informazioni messe a disposizione, oppure da informazioni errate e\/o incomplete.<\/p><p><strong>Responsabilit\u00e0 per i link<br \/><\/strong>La nostra offerta contiene dei collegamenti ipertestuali con siti web esterni di terzi, sui cui contenuti non possiamo influire. Per questo motivo non forniamo nessuna garanzia sui contenuti dei siti web linkati, indipendentemente dal tipo e dalla natura. Ne \u00e8 responsabile solamente il relativo proprietario o gestore del sito. Un controllo permanente dei contenuti dei siti linkati al presente non \u00e8 fattibile senza concreti punti di riferimento. All\u2019avvenuta conoscenza d\u2019infrazioni contro la legge causate dai siti web linkati, i link in questione saranno subito rimossi.<\/p><p><strong>Copyright<br \/><\/strong>Tutti i contenuti e le opere creati dal web designer e dai gestori del sito sono protetti da copyright. La riproduzione, l\u2019alterazione, la distribuzione e qualsiasi forma di utilizzo, soprattutto per scopi commerciali, al di fuori dei limiti del diritto d\u2019autore, sono severamente vietate e ammesse esclusivamente previa autorizzazione scritta del relativo autore o creatore. Nel caso i contenuti di questa pagina non siano stati creati dal gestore, sono da rispettare i diritti di copyright di terzi. I contenuti redatti da terzi sono contrassegnati come tali. In caso doveste notare una violazione del copyright, vi preghiamo gentilmente di farci pervenire un\u2019apposita segnalazione. All\u2019atto di presa di conoscenza di tali violazioni di legge, i contenuti in questione saranno naturalmente rimossi subito, senza per\u00f2 assumerne nessuna responsabilit\u00e0.<\/p>\t\t\t\t\t\t<\/div>\n\t\t\t\t<\/div>\n\t\t\t\t<\/div>\n\t\t\t\t\t<\/div>\n\t\t\t\t<\/div>\n\t\t\t\t<\/div>\n\t\t","protected":false},"excerpt":{"rendered":"<p>Colophon Unifin GmbH \u2013 Christof GasserVia Stazione 839057 Appiano (BZ)+39 335 649 4115info@schmitte-eppan.netPEC:\u00a0unifinbz@pec.itCodice Destinatario: T04ZHR3 schmitte-eppan.net P. IVA 02470420213Cod. Fisc. 02470420213CIN: IT021004B4N5YDXSXI Camera di commercio: Bolzano Numero iscrizione camera di commercio: 02470420213Numero REA: BZ-193474Capitale sociale: 112.000 \u20ac Legale rappresentante: Christof Gasser Copyright per le immagini e grafiche utilizzate \u00a9 IDM S\u00fcdtirol-Alto Adige\/Alex Filz\u00a9 IDM S\u00fcdtirol-STA\/Manuela [&hellip;]<\/p>\n","protected":false},"author":1,"featured_media":0,"parent":0,"menu_order":0,"comment_status":"closed","ping_status":"closed","template":"","meta":{"footnotes":""},"yoast_head":"<!-- This site is optimized with the Yoast SEO plugin v23.4 - https:\/\/yoast.com\/wordpress\/plugins\/seo\/ -->\n<title>Colophon - Schmitte Eppan<\/title>\n<meta name=\"description\" content=\"Colophon\" \/>\n<meta name=\"robots\" content=\"noindex, follow\" \/>\n<meta property=\"og:locale\" content=\"it_IT\" \/>\n<meta property=\"og:type\" content=\"article\" \/>\n<meta property=\"og:title\" content=\"Colophon - Schmitte Eppan\" \/>\n<meta property=\"og:description\" content=\"Colophon\" \/>\n<meta property=\"og:url\" content=\"https:\/\/www.schmitte-eppan.net\/it\/colophon\/\" \/>\n<meta property=\"og:site_name\" content=\"Schmitte Eppan\" \/>\n<meta property=\"article:modified_time\" content=\"2025-07-03T11:44:04+00:00\" \/>\n<meta name=\"twitter:card\" content=\"summary_large_image\" \/>\n<meta name=\"twitter:label1\" content=\"Tempo di lettura stimato\" \/>\n\t<meta name=\"twitter:data1\" content=\"3 minuti\" \/>\n<script type=\"application\/ld+json\" class=\"yoast-schema-graph\">{\"@context\":\"https:\/\/schema.org\",\"@graph\":[{\"@type\":\"WebPage\",\"@id\":\"https:\/\/www.schmitte-eppan.net\/it\/colophon\/\",\"url\":\"https:\/\/www.schmitte-eppan.net\/it\/colophon\/\",\"name\":\"Colophon - Schmitte Eppan\",\"isPartOf\":{\"@id\":\"https:\/\/www.schmitte-eppan.net\/it\/#website\"},\"datePublished\":\"2024-09-10T14:33:50+00:00\",\"dateModified\":\"2025-07-03T11:44:04+00:00\",\"description\":\"Colophon\",\"breadcrumb\":{\"@id\":\"https:\/\/www.schmitte-eppan.net\/it\/colophon\/#breadcrumb\"},\"inLanguage\":\"it-IT\",\"potentialAction\":[{\"@type\":\"ReadAction\",\"target\":[\"https:\/\/www.schmitte-eppan.net\/it\/colophon\/\"]}]},{\"@type\":\"BreadcrumbList\",\"@id\":\"https:\/\/www.schmitte-eppan.net\/it\/colophon\/#breadcrumb\",\"itemListElement\":[{\"@type\":\"ListItem\",\"position\":1,\"name\":\"Startseite\",\"item\":\"https:\/\/www.schmitte-eppan.net\/it\/\"},{\"@type\":\"ListItem\",\"position\":2,\"name\":\"Colophon\"}]},{\"@type\":\"WebSite\",\"@id\":\"https:\/\/www.schmitte-eppan.net\/it\/#website\",\"url\":\"https:\/\/www.schmitte-eppan.net\/it\/\",\"name\":\"Schmitte Eppan\",\"description\":\"\",\"publisher\":{\"@id\":\"https:\/\/www.schmitte-eppan.net\/it\/#organization\"},\"potentialAction\":[{\"@type\":\"SearchAction\",\"target\":{\"@type\":\"EntryPoint\",\"urlTemplate\":\"https:\/\/www.schmitte-eppan.net\/it\/?s={search_term_string}\"},\"query-input\":{\"@type\":\"PropertyValueSpecification\",\"valueRequired\":true,\"valueName\":\"search_term_string\"}}],\"inLanguage\":\"it-IT\"},{\"@type\":\"Organization\",\"@id\":\"https:\/\/www.schmitte-eppan.net\/it\/#organization\",\"name\":\"Schmitte Eppan\",\"url\":\"https:\/\/www.schmitte-eppan.net\/it\/\",\"logo\":{\"@type\":\"ImageObject\",\"inLanguage\":\"it-IT\",\"@id\":\"https:\/\/www.schmitte-eppan.net\/it\/#\/schema\/logo\/image\/\",\"url\":\"https:\/\/www.schmitte-eppan.net\/wp-content\/uploads\/2024\/08\/LOGO_Schmitte_Negativ_Weiss.svg\",\"contentUrl\":\"https:\/\/www.schmitte-eppan.net\/wp-content\/uploads\/2024\/08\/LOGO_Schmitte_Negativ_Weiss.svg\",\"width\":127,\"height\":65,\"caption\":\"Schmitte Eppan\"},\"image\":{\"@id\":\"https:\/\/www.schmitte-eppan.net\/it\/#\/schema\/logo\/image\/\"}}]}<\/script>\n<!-- \/ Yoast SEO plugin. -->","yoast_head_json":{"title":"Colophon - Schmitte Eppan","description":"Colophon","robots":{"index":"noindex","follow":"follow"},"og_locale":"it_IT","og_type":"article","og_title":"Colophon - Schmitte Eppan","og_description":"Colophon","og_url":"https:\/\/www.schmitte-eppan.net\/it\/colophon\/","og_site_name":"Schmitte Eppan","article_modified_time":"2025-07-03T11:44:04+00:00","twitter_card":"summary_large_image","twitter_misc":{"Tempo di lettura stimato":"3 minuti"},"schema":{"@context":"https:\/\/schema.org","@graph":[{"@type":"WebPage","@id":"https:\/\/www.schmitte-eppan.net\/it\/colophon\/","url":"https:\/\/www.schmitte-eppan.net\/it\/colophon\/","name":"Colophon - Schmitte Eppan","isPartOf":{"@id":"https:\/\/www.schmitte-eppan.net\/it\/#website"},"datePublished":"2024-09-10T14:33:50+00:00","dateModified":"2025-07-03T11:44:04+00:00","description":"Colophon","breadcrumb":{"@id":"https:\/\/www.schmitte-eppan.net\/it\/colophon\/#breadcrumb"},"inLanguage":"it-IT","potentialAction":[{"@type":"ReadAction","target":["https:\/\/www.schmitte-eppan.net\/it\/colophon\/"]}]},{"@type":"BreadcrumbList","@id":"https:\/\/www.schmitte-eppan.net\/it\/colophon\/#breadcrumb","itemListElement":[{"@type":"ListItem","position":1,"name":"Startseite","item":"https:\/\/www.schmitte-eppan.net\/it\/"},{"@type":"ListItem","position":2,"name":"Colophon"}]},{"@type":"WebSite","@id":"https:\/\/www.schmitte-eppan.net\/it\/#website","url":"https:\/\/www.schmitte-eppan.net\/it\/","name":"Schmitte Eppan","description":"","publisher":{"@id":"https:\/\/www.schmitte-eppan.net\/it\/#organization"},"potentialAction":[{"@type":"SearchAction","target":{"@type":"EntryPoint","urlTemplate":"https:\/\/www.schmitte-eppan.net\/it\/?s={search_term_string}"},"query-input":{"@type":"PropertyValueSpecification","valueRequired":true,"valueName":"search_term_string"}}],"inLanguage":"it-IT"},{"@type":"Organization","@id":"https:\/\/www.schmitte-eppan.net\/it\/#organization","name":"Schmitte Eppan","url":"https:\/\/www.schmitte-eppan.net\/it\/","logo":{"@type":"ImageObject","inLanguage":"it-IT","@id":"https:\/\/www.schmitte-eppan.net\/it\/#\/schema\/logo\/image\/","url":"https:\/\/www.schmitte-eppan.net\/wp-content\/uploads\/2024\/08\/LOGO_Schmitte_Negativ_Weiss.svg","contentUrl":"https:\/\/www.schmitte-eppan.net\/wp-content\/uploads\/2024\/08\/LOGO_Schmitte_Negativ_Weiss.svg","width":127,"height":65,"caption":"Schmitte Eppan"},"image":{"@id":"https:\/\/www.schmitte-eppan.net\/it\/#\/schema\/logo\/image\/"}}]}},"_links":{"self":[{"href":"https:\/\/www.schmitte-eppan.net\/it\/wp-json\/wp\/v2\/pages\/1250"}],"collection":[{"href":"https:\/\/www.schmitte-eppan.net\/it\/wp-json\/wp\/v2\/pages"}],"about":[{"href":"https:\/\/www.schmitte-eppan.net\/it\/wp-json\/wp\/v2\/types\/page"}],"author":[{"embeddable":true,"href":"https:\/\/www.schmitte-eppan.net\/it\/wp-json\/wp\/v2\/users\/1"}],"replies":[{"embeddable":true,"href":"https:\/\/www.schmitte-eppan.net\/it\/wp-json\/wp\/v2\/comments?post=1250"}],"version-history":[{"count":16,"href":"https:\/\/www.schmitte-eppan.net\/it\/wp-json\/wp\/v2\/pages\/1250\/revisions"}],"predecessor-version":[{"id":1532,"href":"https:\/\/www.schmitte-eppan.net\/it\/wp-json\/wp\/v2\/pages\/1250\/revisions\/1532"}],"wp:attachment":[{"href":"https:\/\/www.schmitte-eppan.net\/it\/wp-json\/wp\/v2\/media?parent=1250"}],"curies":[{"name":"wp","href":"https:\/\/api.w.org\/{rel}","templated":true}]}}